{"id":4605,"date":"2025-10-22T16:55:06","date_gmt":"2025-10-22T16:55:06","guid":{"rendered":"https:\/\/printeezondemand.com\/?page_id=4605"},"modified":"2025-12-15T13:26:05","modified_gmt":"2025-12-15T13:26:05","slug":"enterprise-inquiry","status":"publish","type":"page","link":"https:\/\/printeezondemand.com\/fr\/enterprise-inquiry\/","title":{"rendered":"Enterprise Inquiry"},"content":{"rendered":"\n<div class=\"wp-block-columns alignfull is-layout-flex wp-container-core-columns-is-layout-28f84493 wp-block-columns-is-layout-flex\" style=\"border-top-color:#12121221;border-top-width:1px\">\n<div class=\"wp-block-column has-contrast-background-color has-background is-layout-flow wp-block-column-is-layout-flow\">\n<div class=\"wp-block-cover aligncenter has-custom-content-position is-position-center-left\" style=\"min-height:100%;aspect-ratio:unset;\"><img loading=\"lazy\" decoding=\"async\" width=\"683\" height=\"1024\" class=\"wp-block-cover__image-background wp-image-4361 size-large\" alt=\"\" src=\"https:\/\/printeezondemand.com\/wp-content\/uploads\/2025\/10\/EMB-09-July-2024-5464-x-8192-683x1024.jpg\" data-object-fit=\"cover\" srcset=\"https:\/\/printeezondemand.com\/wp-content\/uploads\/2025\/10\/EMB-09-July-2024-5464-x-8192-683x1024.jpg 683w, https:\/\/printeezondemand.com\/wp-content\/uploads\/2025\/10\/EMB-09-July-2024-5464-x-8192-200x300.jpg 200w, https:\/\/printeezondemand.com\/wp-content\/uploads\/2025\/10\/EMB-09-July-2024-5464-x-8192-768x1151.jpg 768w, https:\/\/printeezondemand.com\/wp-content\/uploads\/2025\/10\/EMB-09-July-2024-5464-x-8192-1025x1536.jpg 1025w, https:\/\/printeezondemand.com\/wp-content\/uploads\/2025\/10\/EMB-09-July-2024-5464-x-8192-1366x2048.jpg 1366w, https:\/\/printeezondemand.com\/wp-content\/uploads\/2025\/10\/EMB-09-July-2024-5464-x-8192-scaled.jpg 1708w\" sizes=\"auto, (max-width: 683px) 100vw, 683px\" \/><span aria-hidden=\"true\" class=\"wp-block-cover__background has-contrast-background-color has-background-dim\"><\/span><div class=\"wp-block-cover__inner-container is-layout-flow wp-block-cover-is-layout-flow\">\n<p class=\"has-text-align-center has-large-font-size\"><\/p>\n<\/div><\/div>\n<\/div>\n\n\n\n<div class=\"wp-block-column is-layout-flow wp-block-column-is-layout-flow\">\n<div class=\"wp-block-group alignfull has-global-padding is-layout-constrained wp-container-core-group-is-layout-db117c0a wp-block-group-is-layout-constrained\" style=\"margin-top:var(--wp--preset--spacing--40);margin-bottom:var(--wp--preset--spacing--40);padding-right:0;padding-left:0\"><h2 class=\"wp-block-heading has-text-align-center\" id=\"entreprise\">Entreprise<\/h2>\n\n\n<p class=\"has-text-align-center has-medium-font-size\">Parlez-nous davantage de votre entreprise<\/p>\n\n\n\r\n<form id=\"formspark-form-69d7acecb4c5a\" class=\"formspark-form\" method=\"POST\" action=\"https:\/\/submit-form.com\/3MbDcd3B8\"\r\ndata-success-message=\"Merci, nous avons bien re\u00e7u votre message et nous vous contacterons sous peu.\"\r\n>\r\n                    <div class=\"form-group full-width\"\r\n        data-type=\"text\">\r\n            <label for=\"nom-de-lentreprise\">Nom de l\u2019entreprise<\/label>\r\n                            <input type=\"text\" name=\"Nom de l\u2019entreprise\" id=\"nom-de-lentreprise\" required>\r\n                    <\/div>\r\n                    <div class=\"form-group half-width\"\r\n        data-type=\"text\">\r\n            <label for=\"nom\">Nom<\/label>\r\n                            <input type=\"text\" name=\"Nom\" id=\"nom\" required>\r\n                    <\/div>\r\n                    <div class=\"form-group half-width\"\r\n        data-type=\"text\">\r\n            <label for=\"email\">Email<\/label>\r\n                            <input type=\"text\" name=\"Email\" id=\"email\" required>\r\n                    <\/div>\r\n                    <div class=\"form-group full-width\"\r\n        data-type=\"text\">\r\n            <label for=\"numero-de-telephone\">Num\u00e9ro de t\u00e9l\u00e9phone<\/label>\r\n                            <input type=\"text\" name=\"Num\u00e9ro de t\u00e9l\u00e9phone\" id=\"numero-de-telephone\" required>\r\n                    <\/div>\r\n                    <div class=\"form-group full-width\"\r\n        data-type=\"select\">\r\n            <label for=\"subject\">Subject<\/label>\r\n                            <select name=\"Subject\" id=\"subject\" required>\r\n                    <option value=\"Je souhaite en savoir plus sur le forfait Entreprise\">Je souhaite en savoir plus sur le forfait Entreprise<\/option><option value=\"J\u2019ai besoin d\u2019int\u00e9grations personnalis\u00e9es\">J\u2019ai besoin d\u2019int\u00e9grations personnalis\u00e9es<\/option><option value=\"J\u2019ai besoin de tarifs de volume\">J\u2019ai besoin de tarifs de volume<\/option><option value=\"J\u2019ai besoin d\u2019un support d\u00e9di\u00e9\">J\u2019ai besoin d\u2019un support d\u00e9di\u00e9<\/option><option value=\"Autre\">Autre<\/option>                <\/select>\r\n                    <\/div>\r\n                    <div class=\"form-group full-width\"\r\n        data-type=\"textarea\">\r\n            <label for=\"comment\">Comment<\/label>\r\n                            <textarea name=\"Comment\" id=\"comment\" required><\/textarea>\r\n                    <\/div>\r\n        \r\n    <div class=\"cf-turnstile\" data-sitekey=\"0x4AAAAAAA-b85vx92mmA26F\"><\/div>\r\n    <button \r\n    class=\"wp-block-button__link has-base-color has-accent-1-background-color has-text-color has-background has-link-color wp-element-button\"\r\n    type=\"submit\">Envoyer<\/button>\r\n    <p class=\"form-message\"><\/p>\r\n<\/form>\r\n\r\n<script src=\"https:\/\/challenges.cloudflare.com\/turnstile\/v0\/api.js\" async defer><\/script><\/div>\n<\/div>\n<\/div>\n","protected":false},"excerpt":{"rendered":"<p>Entreprise Parlez-nous davantage de votre entreprise<\/p>\n","protected":false},"author":1,"featured_media":0,"parent":0,"menu_order":7,"comment_status":"closed","ping_status":"closed","template":"page-no-title","meta":{"_acf_changed":false,"nf_dc_page":"","_helpful_status":1,"_monsterinsights_skip_tracking":false,"_monsterinsights_sitenote_active":false,"_monsterinsights_sitenote_note":"","_monsterinsights_sitenote_category":0,"_locale":"fr_CA","_original_post":"https:\/\/printeezondemand.com\/?page_id=4521","footnotes":""},"content-type":[],"class_list":["post-4605","page","type-page","status-publish","hentry","fr-CA"],"acf":{"icon":{"type":null,"value":null},"description":""},"yoast_head":"<!-- This site is optimized with the Yoast SEO plugin v27.3 - https:\/\/yoast.com\/product\/yoast-seo-wordpress\/ -->\n<title>Enterprise Inquiry - Printeez On Demand<\/title>\n<meta name=\"robots\" content=\"index, follow, max-snippet:-1, max-image-preview:large, max-video-preview:-1\" \/>\n<link rel=\"canonical\" href=\"https:\/\/printeezondemand.com\/fr\/enterprise-inquiry\/\" \/>\n<meta property=\"og:locale\" content=\"fr_CA\" \/>\n<meta property=\"og:type\" content=\"article\" \/>\n<meta property=\"og:title\" content=\"Enterprise Inquiry - Printeez On Demand\" \/>\n<meta property=\"og:description\" content=\"Entreprise Parlez-nous davantage de votre entreprise\" \/>\n<meta property=\"og:url\" content=\"https:\/\/printeezondemand.com\/fr\/enterprise-inquiry\/\" \/>\n<meta property=\"og:site_name\" content=\"Printeez On Demand\" \/>\n<meta property=\"article:publisher\" content=\"https:\/\/facebook.com\/printeez.ca\" \/>\n<meta property=\"article:modified_time\" content=\"2025-12-15T13:26:05+00:00\" \/>\n<meta property=\"og:image\" content=\"https:\/\/printeezondemand.com\/wp-content\/uploads\/2025\/10\/EMB-09-July-2024-5464-x-8192-scaled.jpg\" \/>\n\t<meta property=\"og:image:width\" content=\"1708\" \/>\n\t<meta property=\"og:image:height\" content=\"2560\" \/>\n\t<meta property=\"og:image:type\" content=\"image\/jpeg\" \/>\n<meta name=\"twitter:card\" content=\"summary_large_image\" \/>\n<!-- \/ Yoast SEO plugin. -->","yoast_head_json":{"title":"Enterprise Inquiry - Printeez On Demand","robots":{"index":"index","follow":"follow","max-snippet":"max-snippet:-1","max-image-preview":"max-image-preview:large","max-video-preview":"max-video-preview:-1"},"canonical":"https:\/\/printeezondemand.com\/fr\/enterprise-inquiry\/","og_locale":"fr_CA","og_type":"article","og_title":"Enterprise Inquiry - Printeez On Demand","og_description":"Entreprise Parlez-nous davantage de votre entreprise","og_url":"https:\/\/printeezondemand.com\/fr\/enterprise-inquiry\/","og_site_name":"Printeez On Demand","article_publisher":"https:\/\/facebook.com\/printeez.ca","article_modified_time":"2025-12-15T13:26:05+00:00","og_image":[{"width":1708,"height":2560,"url":"https:\/\/printeezondemand.com\/wp-content\/uploads\/2025\/10\/EMB-09-July-2024-5464-x-8192-scaled.jpg","type":"image\/jpeg"}],"twitter_card":"summary_large_image","schema":{"@context":"https:\/\/schema.org","@graph":[{"@type":"WebPage","@id":"https:\/\/printeezondemand.com\/fr\/enterprise-inquiry\/","url":"https:\/\/printeezondemand.com\/fr\/enterprise-inquiry\/","name":"Enterprise Inquiry - Printeez On Demand","isPartOf":{"@id":"https:\/\/printeezondemand.com\/#website"},"primaryImageOfPage":{"@id":"https:\/\/printeezondemand.com\/fr\/enterprise-inquiry\/#primaryimage"},"image":{"@id":"https:\/\/printeezondemand.com\/fr\/enterprise-inquiry\/#primaryimage"},"thumbnailUrl":"https:\/\/printeezondemand.com\/wp-content\/uploads\/2025\/10\/EMB-09-July-2024-5464-x-8192-683x1024.jpg","datePublished":"2025-10-22T16:55:06+00:00","dateModified":"2025-12-15T13:26:05+00:00","breadcrumb":{"@id":"https:\/\/printeezondemand.com\/fr\/enterprise-inquiry\/#breadcrumb"},"inLanguage":"fr-CA","potentialAction":[{"@type":"ReadAction","target":["https:\/\/printeezondemand.com\/fr\/enterprise-inquiry\/"]}]},{"@type":"ImageObject","inLanguage":"fr-CA","@id":"https:\/\/printeezondemand.com\/fr\/enterprise-inquiry\/#primaryimage","url":"https:\/\/printeezondemand.com\/wp-content\/uploads\/2025\/10\/EMB-09-July-2024-5464-x-8192-scaled.jpg","contentUrl":"https:\/\/printeezondemand.com\/wp-content\/uploads\/2025\/10\/EMB-09-July-2024-5464-x-8192-scaled.jpg","width":1708,"height":2560},{"@type":"BreadcrumbList","@id":"https:\/\/printeezondemand.com\/fr\/enterprise-inquiry\/#breadcrumb","itemListElement":[{"@type":"ListItem","position":1,"name":"Home","item":"https:\/\/printeezondemand.com\/fr\/"},{"@type":"ListItem","position":2,"name":"Enterprise Inquiry"}]},{"@type":"WebSite","@id":"https:\/\/printeezondemand.com\/#website","url":"https:\/\/printeezondemand.com\/","name":"Printeez On Demand","description":"","publisher":{"@id":"https:\/\/printeezondemand.com\/#organization"},"potentialAction":[{"@type":"SearchAction","target":{"@type":"EntryPoint","urlTemplate":"https:\/\/printeezondemand.com\/?s={search_term_string}"},"query-input":{"@type":"PropertyValueSpecification","valueRequired":true,"valueName":"search_term_string"}}],"inLanguage":"fr-CA"},{"@type":"Organization","@id":"https:\/\/printeezondemand.com\/#organization","name":"Printeez On Demand","url":"https:\/\/printeezondemand.com\/","logo":{"@type":"ImageObject","inLanguage":"fr-CA","@id":"https:\/\/printeezondemand.com\/#\/schema\/logo\/image\/","url":"https:\/\/printeezondemand.com\/wp-content\/uploads\/2026\/03\/printeez_on_demand_logo.svg","contentUrl":"https:\/\/printeezondemand.com\/wp-content\/uploads\/2026\/03\/printeez_on_demand_logo.svg","width":160,"height":53,"caption":"Printeez On Demand"},"image":{"@id":"https:\/\/printeezondemand.com\/#\/schema\/logo\/image\/"},"sameAs":["https:\/\/facebook.com\/printeez.ca"]}]}},"_links":{"self":[{"href":"https:\/\/printeezondemand.com\/wp-json\/wp\/v2\/pages\/4605","targetHints":{"allow":["GET"]}}],"collection":[{"href":"https:\/\/printeezondemand.com\/wp-json\/wp\/v2\/pages"}],"about":[{"href":"https:\/\/printeezondemand.com\/wp-json\/wp\/v2\/types\/page"}],"author":[{"embeddable":true,"href":"https:\/\/printeezondemand.com\/wp-json\/wp\/v2\/users\/1"}],"replies":[{"embeddable":true,"href":"https:\/\/printeezondemand.com\/wp-json\/wp\/v2\/comments?post=4605"}],"version-history":[{"count":3,"href":"https:\/\/printeezondemand.com\/wp-json\/wp\/v2\/pages\/4605\/revisions"}],"predecessor-version":[{"id":5240,"href":"https:\/\/printeezondemand.com\/wp-json\/wp\/v2\/pages\/4605\/revisions\/5240"}],"wp:attachment":[{"href":"https:\/\/printeezondemand.com\/wp-json\/wp\/v2\/media?parent=4605"}],"wp:term":[{"taxonomy":"content-type","embeddable":true,"href":"https:\/\/printeezondemand.com\/wp-json\/wp\/v2\/content-type?post=4605"}],"curies":[{"name":"wp","href":"https:\/\/api.w.org\/{rel}","templated":true}]}}